{"id":463,"date":"2020-05-12T00:51:41","date_gmt":"2020-05-12T03:51:41","guid":{"rendered":"https:\/\/funerariabh.com\/?page_id=463"},"modified":"2023-08-22T23:22:29","modified_gmt":"2023-08-23T02:22:29","slug":"sobre-nos","status":"publish","type":"page","link":"https:\/\/funerariabh.com\/blog\/sobre-nos\/","title":{"rendered":"Sobre N\u00f3s"},"content":{"rendered":"\r\n<p>Somos um portal de an\u00fancios sem nenhum vinculo direto com nossos anunciantes. Temos portais em varias outros seguimentos de servi\u00e7os.<\/p>\r\n<p>&nbsp;<\/p>\r\n\r\n\r\n\r\n<p><strong>N\u00d3S NOS PREOCUPAMOS COM SUA PRIVACIDADE<\/strong><\/p>\r\n\r\n\r\n\r\n<p>O Portal Funer\u00e1ria BH<strong>\u00a0<\/strong>n\u00e3o \u00e9 uma empresa, apenas um ve\u00edculo de comunica\u00e7\u00e3o para divulga\u00e7\u00e3o.<br \/>Todos os an\u00fancios, bem como suas informa\u00e7\u00f5es e fotos\u00a0e dados divulgadas\u00a0aqui nesse portal s\u00e3o de inteira responsabilidade dos anunciantes cadastrados.<br \/>Em caso de d\u00favidas sobre servi\u00e7os ou sobre agendamentos realizados com o profissional cadastrado no Portal entre em contato diretamente com o profissional atrav\u00e9s do formul\u00e1rio e telefones do pr\u00f3prio anuncio.\u00a0<\/p>\r\n\r\n\r\n\r\n<p>Se voc\u00ea \u00e9 um profissional da \u00e1rea de funer\u00e1ria e deseja divulgar sua empresa e seus servi\u00e7os, entre em contato conosco:<\/p>\r\n<p>&nbsp;<\/p>\r\n<p>&nbsp;<\/p>\r\n<p>&nbsp;<\/p>\r\n<p>&nbsp;<\/p>\r\n<p>&nbsp;<\/p>\r\n<p>&nbsp;<\/p>\r\n<p>&nbsp;<\/p>\r\n<p>&nbsp;<\/p>\r\n<p>&nbsp;<\/p>\r\n<p>&nbsp;<\/p>\r\n<p>&nbsp;<\/p>\r\n<p>&nbsp;<\/p>\r\n<p>&nbsp;<\/p>\r\n<p>&nbsp;<\/p>\r\n<p>&nbsp;<\/p>\r\n<p>&nbsp;<\/p>\r\n<p>&nbsp;<\/p>\r\n<p>&nbsp;<\/p>\r\n<p>&nbsp;<\/p>\r\n<p>&nbsp;<\/p>\r\n<p>&nbsp;<\/p>\r\n<p>A presente Pol\u00edtica de Privacidade cont\u00e9m informa\u00e7\u00f5es sobre coleta, uso,<br \/>armazenamento, tratamento e prote\u00e7\u00e3o dos dados pessoais dos usu\u00e1rios e<br \/>visitantes do site\u00a0 com a finalidade de demonstrar<br \/>absoluta transpar\u00eancia quanto ao assunto e esclarecer a todos interessados sobre<br \/>os tipos de dados que s\u00e3o coletados, os motivos da coleta e a forma como os<br \/>usu\u00e1rios podem gerenciar ou excluir as suas informa\u00e7\u00f5es pessoais.<br \/>Esta Pol\u00edtica de Privacidade aplica-se a todos os usu\u00e1rios e visitantes do site<br \/>\u00a0e integra os Termos e Condi\u00e7\u00f5es Gerais de Uso do<br \/>do site , devidamente inscrita no CNPJ sob o n\u00ba<br \/>55.599.922\/0001-59, situado em Av. 04, n\u00b0 336 &#8211; Centro &#8211; Rio Claro\/SP,<br \/>doravante nominada Funer\u00e1ria Jo\u00e3o de Campos.<br \/>O presente documento foi elaborado em conformidade com a Lei Geral de Prote\u00e7\u00e3o<br \/>de Dados Pessoais (Lei 13.709\/18), o Marco Civil da Internet (Lei 12.965\/14) (e o<br \/>Regulamento da UE n. 2016\/6790). Ainda, o documento poder\u00e1 ser atualizado em<br \/>decorr\u00eancia de eventual atualiza\u00e7\u00e3o normativa, raz\u00e3o pela qual se convida o<br \/>usu\u00e1rio a consultar periodicamente esta se\u00e7\u00e3o.<\/p>\r\n<p>&nbsp;<\/p>\r\n\r\n\r\n\r\n<p>&nbsp;<\/p>\r\n","protected":false},"excerpt":{"rendered":"<p>Somos um portal de an\u00fancios sem nenhum vinculo direto com nossos anunciantes. Temos portais em varias outros seguimentos de servi\u00e7os. &nbsp; N\u00d3S NOS PREOCUPAMOS COM SUA PRIVACIDADE O Portal Funer\u00e1ria&hellip; <\/p>\n","protected":false},"author":1,"featured_media":0,"parent":0,"menu_order":0,"comment_status":"closed","ping_status":"closed","template":"","meta":{"_seopress_robots_primary_cat":"","footnotes":""},"class_list":["post-463","page","type-page","status-publish","hentry"],"_links":{"self":[{"href":"https:\/\/funerariabh.com\/blog\/wp-json\/wp\/v2\/pages\/463","targetHints":{"allow":["GET"]}}],"collection":[{"href":"https:\/\/funerariabh.com\/blog\/wp-json\/wp\/v2\/pages"}],"about":[{"href":"https:\/\/funerariabh.com\/blog\/wp-json\/wp\/v2\/types\/page"}],"author":[{"embeddable":true,"href":"https:\/\/funerariabh.com\/blog\/wp-json\/wp\/v2\/users\/1"}],"replies":[{"embeddable":true,"href":"https:\/\/funerariabh.com\/blog\/wp-json\/wp\/v2\/comments?post=463"}],"version-history":[{"count":0,"href":"https:\/\/funerariabh.com\/blog\/wp-json\/wp\/v2\/pages\/463\/revisions"}],"wp:attachment":[{"href":"https:\/\/funerariabh.com\/blog\/wp-json\/wp\/v2\/media?parent=463"}],"curies":[{"name":"wp","href":"https:\/\/api.w.org\/{rel}","templated":true}]}}