{"id":73,"date":"2018-10-30T22:10:30","date_gmt":"2018-10-31T01:10:30","guid":{"rendered":"http:\/\/baterias.bhz.br\/?page_id=73"},"modified":"2021-06-23T00:28:26","modified_gmt":"2021-06-23T03:28:26","slug":"vantagens-de-anunciar","status":"publish","type":"page","link":"https:\/\/funerariabh.com\/blog\/vantagens-de-anunciar\/","title":{"rendered":"Vantagens de Anunciar"},"content":{"rendered":"<h1>Presen\u00e7a Destacada <strong>na Internet<\/strong><\/h1>\n<p><span class=\"subtitle\">Seu neg\u00f3cio aparece na hora exata em que o cliente busca por seus produtos ou servi\u00e7os, seja realizando uma busca direta em nosso portal ou atrav\u00e9s de buscadores como Google, etc.<br \/>\n<strong>E o melhor! Voc\u00ea n\u00e3o precisa ter um site e nem mesmo redes sociais!<\/strong><\/span><\/p>\n<p>&nbsp;<\/p>\n<p>31 97155-9567<\/p>\n","protected":false},"excerpt":{"rendered":"<p>Presen\u00e7a Destacada na Internet Seu neg\u00f3cio aparece na hora exata em que o cliente busca por seus produtos ou servi\u00e7os, seja realizando uma busca direta em nosso portal ou atrav\u00e9s&hellip; <\/p>\n","protected":false},"author":1,"featured_media":0,"parent":0,"menu_order":0,"comment_status":"closed","ping_status":"closed","template":"","meta":{"_seopress_robots_primary_cat":"","footnotes":""},"class_list":["post-73","page","type-page","status-publish","hentry"],"_links":{"self":[{"href":"https:\/\/funerariabh.com\/blog\/wp-json\/wp\/v2\/pages\/73","targetHints":{"allow":["GET"]}}],"collection":[{"href":"https:\/\/funerariabh.com\/blog\/wp-json\/wp\/v2\/pages"}],"about":[{"href":"https:\/\/funerariabh.com\/blog\/wp-json\/wp\/v2\/types\/page"}],"author":[{"embeddable":true,"href":"https:\/\/funerariabh.com\/blog\/wp-json\/wp\/v2\/users\/1"}],"replies":[{"embeddable":true,"href":"https:\/\/funerariabh.com\/blog\/wp-json\/wp\/v2\/comments?post=73"}],"version-history":[{"count":0,"href":"https:\/\/funerariabh.com\/blog\/wp-json\/wp\/v2\/pages\/73\/revisions"}],"wp:attachment":[{"href":"https:\/\/funerariabh.com\/blog\/wp-json\/wp\/v2\/media?parent=73"}],"curies":[{"name":"wp","href":"https:\/\/api.w.org\/{rel}","templated":true}]}}